{"id":14,"date":"2023-04-06T12:37:31","date_gmt":"2023-04-06T12:37:31","guid":{"rendered":"https:\/\/otvorenipristup.unsa.ba\/?page_id=14"},"modified":"2023-06-16T05:10:45","modified_gmt":"2023-06-16T05:10:45","slug":"home","status":"publish","type":"page","link":"https:\/\/otvorenipristup.unsa.ba\/","title":{"rendered":"O nama"},"content":{"rendered":"\n<div class=\"wp-block-media-text alignwide is-stacked-on-mobile is-vertically-aligned-top\" style=\"grid-template-columns:15% auto\"><figure class=\"wp-block-media-text__media\"><img loading=\"lazy\" decoding=\"async\" width=\"483\" height=\"484\" src=\"https:\/\/otvorenipristup.unsa.ba\/wp-content\/uploads\/2023\/04\/UNSA-LOGO-BW-1.jpg\" alt=\"\" class=\"wp-image-63 size-full\" srcset=\"https:\/\/otvorenipristup.unsa.ba\/wp-content\/uploads\/2023\/04\/UNSA-LOGO-BW-1.jpg 483w, https:\/\/otvorenipristup.unsa.ba\/wp-content\/uploads\/2023\/04\/UNSA-LOGO-BW-1-300x300.jpg 300w, https:\/\/otvorenipristup.unsa.ba\/wp-content\/uploads\/2023\/04\/UNSA-LOGO-BW-1-150x150.jpg 150w\" sizes=\"auto, (max-width: 483px) 100vw, 483px\" \/><\/figure><div class=\"wp-block-media-text__content\">\n<p style=\"text-align: justify;\">Biblioteka Univerziteta u Sarajevu je podorganizaciona jedinica Univerziteta \u010dija djelatnost pru\u017ea podr\u0161ku nastavnom i nau\u010dnom procesu na Univerzitetu i centar je bibliote\u010dko-informacionog sistema Univerziteta kojim se koordinira i funkcionalno povezuje Biblioteka Univerziteta sa bibliotekama \u010dlanica Univerziteta.<\/p>\n<p style=\"text-align: justify;\">Biblioteka Univerziteta u Sarajevu pokrenula je inicijativu za uspostavljanje portala o otvorenom pristupu na Univerzitetu u Sarajevu. Portal objedinjuje vi\u0161e mre\u017enih mjesta \u00a0na kojima se nalaze nau\u010dni sadr\u017eaji koje publikuju \u010dlanice, pridru\u017eene \u010dlanice i \u00a0nastavno-nau\u010dne baze Univerziteta u Sarajevu. Univerzitetske i visoko\u0161kolske \u00a0biblioteke podr\u017eavaju otvoreni pristup nauci. Otvoreni pristup, podrazumijeva \u00a0diseminaciju nau\u010dnih informacija na internetu koje su besplatne krajnjem korisniku, tj. istra\u017eiva\u010du i \u0161iroj javnosti. Misija biblioteke je povezivanje ljudi i informacija, a ciljevi otvorenog pristupa poma\u017eu bibliotekarima da korisnicima br\u017ee odgovaraju na informacijske upite. Sadr\u017eaji dostupni na ovom portalu po\u0161tuju politiku otvorenog pristupa i promoviraju nekomercijalni pristup nau\u010dnoj produkciji Univerziteta u Sarajevu.<\/p>\n<p style=\"text-align: justify;\">Vizija Biblioteke Univerziteta u Sarajevu je postati prepoznatljivi centar bibliote\u010dko-informacijskih usluga namjenjen student(ca)ma, nastavnom osoblju Univerziteta u Sarajevu, \u0161iroj akademskoj zajednici i javnosti. Kako bi mogla ostvariti svoju misiju i u\u010diniti viziju izvedivom, Biblioteka Univerziteta u Sarajevu nastojat \u0107e izvr\u0161avati zada\u0107e vezane za upravljanje zbirkama (centralno smje\u0161tenima ili distribuiranim na \u00a0sada\u0161njim lokacijama univerzitetskih punopravntih i pridru\u017eenih \u010dlanica), baze podataka, digitalni repozitorij i druge bibliote\u010dko-informacijske usluge. Nastojat \u0107e osigurati usluge koje podr\u017eavaju obrazovanje studenata, uklju\u010duju\u0107i programme informacijske i medijske pismenosti, nau\u010dni i stru\u010dni rad i bibliometrijske analize.<\/p>\n<\/div><\/div>\n","protected":false},"excerpt":{"rendered":"<p>Biblioteka Univerziteta u Sarajevu je podorganizaciona jedinica Univerziteta \u010dija djelatnost pru\u017ea podr\u0161ku nastavnom i nau\u010dnom procesu na&#8230;<\/p>\n","protected":false},"author":1,"featured_media":0,"parent":0,"menu_order":0,"comment_status":"closed","ping_status":"closed","template":"","meta":{"footnotes":""},"class_list":["post-14","page","type-page","status-publish","hentry"],"_links":{"self":[{"href":"https:\/\/otvorenipristup.unsa.ba\/index.php\/wp-json\/wp\/v2\/pages\/14","targetHints":{"allow":["GET"]}}],"collection":[{"href":"https:\/\/otvorenipristup.unsa.ba\/index.php\/wp-json\/wp\/v2\/pages"}],"about":[{"href":"https:\/\/otvorenipristup.unsa.ba\/index.php\/wp-json\/wp\/v2\/types\/page"}],"author":[{"embeddable":true,"href":"https:\/\/otvorenipristup.unsa.ba\/index.php\/wp-json\/wp\/v2\/users\/1"}],"replies":[{"embeddable":true,"href":"https:\/\/otvorenipristup.unsa.ba\/index.php\/wp-json\/wp\/v2\/comments?post=14"}],"version-history":[{"count":23,"href":"https:\/\/otvorenipristup.unsa.ba\/index.php\/wp-json\/wp\/v2\/pages\/14\/revisions"}],"predecessor-version":[{"id":77,"href":"https:\/\/otvorenipristup.unsa.ba\/index.php\/wp-json\/wp\/v2\/pages\/14\/revisions\/77"}],"wp:attachment":[{"href":"https:\/\/otvorenipristup.unsa.ba\/index.php\/wp-json\/wp\/v2\/media?parent=14"}],"curies":[{"name":"wp","href":"https:\/\/api.w.org\/{rel}","templated":true}]}}